{"id":5928,"date":"2021-05-13T17:26:08","date_gmt":"2021-05-13T17:26:08","guid":{"rendered":"https:\/\/planrentalcar.gr\/?page_id=5928"},"modified":"2021-05-13T17:28:37","modified_gmt":"2021-05-13T17:28:37","slug":"firmenvermietung","status":"publish","type":"page","link":"https:\/\/planrentalcar.gr\/de\/firmenvermietung\/","title":{"rendered":"Firmenvermietung"},"content":{"rendered":"\t\t<div data-elementor-type=\"wp-page\" data-elementor-id=\"5928\" class=\"elementor elementor-5928\" data-elementor-post-type=\"page\">\n\t\t\t\t\t\t<section class=\"elementor-section elementor-top-section elementor-element elementor-element-6ff2ff7 elementor-section-boxed elementor-section-height-default elementor-section-height-default\" data-id=\"6ff2ff7\" data-element_type=\"section\" data-e-type=\"section\" data-settings=\"{&quot;background_background&quot;:&quot;classic&quot;}\">\n\t\t\t\t\t\t\t<div class=\"elementor-background-overlay\"><\/div>\n\t\t\t\t\t\t\t<div class=\"elementor-container elementor-column-gap-no\">\n\t\t\t\t\t<div class=\"elementor-column elementor-col-100 elementor-top-column elementor-element elementor-element-d4acc06\" data-id=\"d4acc06\" data-element_type=\"column\" data-e-type=\"column\">\n\t\t\t<div class=\"elementor-widget-wrap elementor-element-populated\">\n\t\t\t\t\t\t<div class=\"elementor-element elementor-element-cfa3934 elementor-widget elementor-widget-spacer\" data-id=\"cfa3934\" data-element_type=\"widget\" data-e-type=\"widget\" data-widget_type=\"spacer.default\">\n\t\t\t\t<div class=\"elementor-widget-container\">\n\t\t\t\t\t\t\t<div class=\"elementor-spacer\">\n\t\t\t<div class=\"elementor-spacer-inner\"><\/div>\n\t\t<\/div>\n\t\t\t\t\t\t<\/div>\n\t\t\t\t<\/div>\n\t\t\t\t<div class=\"elementor-element elementor-element-bee4950 elementor-widget elementor-widget-heading\" data-id=\"bee4950\" data-element_type=\"widget\" data-e-type=\"widget\" data-widget_type=\"heading.default\">\n\t\t\t\t<div class=\"elementor-widget-container\">\n\t\t\t\t\t<h1 class=\"elementor-heading-title elementor-size-default\">Firmenvermietung <\/h1>\t\t\t\t<\/div>\n\t\t\t\t<\/div>\n\t\t\t\t<div class=\"elementor-element elementor-element-db7027d elementor-widget elementor-widget-text-editor\" data-id=\"db7027d\" data-element_type=\"widget\" data-e-type=\"widget\" data-widget_type=\"text-editor.default\">\n\t\t\t\t<div class=\"elementor-widget-container\">\n\t\t\t\t\t\t\t\t\t<p>\u2026 Finanzielle Angebote &amp; Rabatte<\/p>\t\t\t\t\t\t\t\t<\/div>\n\t\t\t\t<\/div>\n\t\t\t\t\t<\/div>\n\t\t<\/div>\n\t\t\t\t\t<\/div>\n\t\t<\/section>\n\t\t\t\t<section class=\"elementor-section elementor-top-section elementor-element elementor-element-dbdf9ac elementor-section-content-middle elementor-section-boxed elementor-section-height-default elementor-section-height-default\" data-id=\"dbdf9ac\" data-element_type=\"section\" data-e-type=\"section\">\n\t\t\t\t\t\t<div class=\"elementor-container elementor-column-gap-no\">\n\t\t\t\t\t<div class=\"elementor-column elementor-col-33 elementor-top-column elementor-element elementor-element-885cb99\" data-id=\"885cb99\" data-element_type=\"column\" data-e-type=\"column\" data-settings=\"{&quot;background_background&quot;:&quot;classic&quot;}\">\n\t\t\t<div class=\"elementor-widget-wrap elementor-element-populated\">\n\t\t\t\t\t\t<div class=\"elementor-element elementor-element-6e718ff elementor-widget elementor-widget-spacer\" data-id=\"6e718ff\" data-element_type=\"widget\" data-e-type=\"widget\" data-widget_type=\"spacer.default\">\n\t\t\t\t<div class=\"elementor-widget-container\">\n\t\t\t\t\t\t\t<div class=\"elementor-spacer\">\n\t\t\t<div class=\"elementor-spacer-inner\"><\/div>\n\t\t<\/div>\n\t\t\t\t\t\t<\/div>\n\t\t\t\t<\/div>\n\t\t\t\t<div class=\"elementor-element elementor-element-50ddc50 elementor-widget elementor-widget-heading\" data-id=\"50ddc50\" data-element_type=\"widget\" data-e-type=\"widget\" data-widget_type=\"heading.default\">\n\t\t\t\t<div class=\"elementor-widget-container\">\n\t\t\t\t\t<h2 class=\"elementor-heading-title elementor-size-default\">B2B-Firmenmietvorteile - 5% Rabatt<\/h2>\t\t\t\t<\/div>\n\t\t\t\t<\/div>\n\t\t\t\t<div class=\"elementor-element elementor-element-780521b elementor-widget elementor-widget-spacer\" data-id=\"780521b\" data-element_type=\"widget\" data-e-type=\"widget\" data-widget_type=\"spacer.default\">\n\t\t\t\t<div class=\"elementor-widget-container\">\n\t\t\t\t\t\t\t<div class=\"elementor-spacer\">\n\t\t\t<div class=\"elementor-spacer-inner\"><\/div>\n\t\t<\/div>\n\t\t\t\t\t\t<\/div>\n\t\t\t\t<\/div>\n\t\t\t\t\t<\/div>\n\t\t<\/div>\n\t\t\t\t<div class=\"elementor-column elementor-col-66 elementor-top-column elementor-element elementor-element-105f188\" data-id=\"105f188\" data-element_type=\"column\" data-e-type=\"column\">\n\t\t\t<div class=\"elementor-widget-wrap elementor-element-populated\">\n\t\t\t\t\t\t<div class=\"elementor-element elementor-element-4918b41 elementor-widget elementor-widget-text-editor\" data-id=\"4918b41\" data-element_type=\"widget\" data-e-type=\"widget\" data-widget_type=\"text-editor.default\">\n\t\t\t\t<div class=\"elementor-widget-container\">\n\t\t\t\t\t\t\t\t\t<p><strong>Rabattgutschein &#8220;B2B5&#8221; Business to Business 5% <\/strong><\/p><p>F\u00fcr unsere Firmenkunden bieten wir einen zus\u00e4tzlichen Rabatt von 5% auf alle Fahrzeugmodelle f\u00fcr Online-Reservierungen. Tragen Sie im letzten Schritt der Reservierung den Rabattcoupon &#8220;B2B5&#8221; ein und Sie erhalten automatisch einen Rabatt von 5% auf den Betrag Ihrer Reservierung.<\/p><p><strong>Gewinnen Sie einen zus\u00e4tzlichen Rabatt von 10%, indem Sie Ihre Reservierung im Voraus bezahlen<\/strong><\/p><p>W\u00e4hlen Sie eine Vorauszahlung Ihrer Reservierung und erhalten Sie einen zus\u00e4tzlichen <strong>Rabatt von 10%.<\/strong> Mit dem Rabattcoupon <strong>&#8220;B2B5&#8221;<\/strong> erhalten Sie einen <strong>Gesamtrabatt von 15%.<\/strong><\/p><p><strong>Es gelten die folgenden Rabattbedingungen <\/strong><\/p><ul><li>Der Rabatt gilt f\u00fcr alle Fahrzeugkategorien und gilt f\u00fcr den Grundmietpreis. Zusatzversicherungen und Zusatzprodukte (Navigationsger\u00e4t, Kindersitz) sind nicht im Rabatt enthalten.<\/li><li>Notwendige Voraussetzung f\u00fcr die Verwendung des B2B5-Rabattcoupons ist die Ausstellung einer Rechnung mit Angabe der Steuernummer Ihrer Firma.<\/li><li>Der Rabatt von 10% gilt f\u00fcr vorausbezahlte Reservierungen, die ausschlie\u00dflich unter www.planrentalcar.gr vorgenommen werden, und gilt nicht f\u00fcr Anmietungen mit Zahlung an der Mietstation.<\/li><li>Der Rabattgutschein gilt f\u00fcr eine unbegrenzte Anzahl von Reservierungen.<\/li><li>Plan Rental Car kann das Angebot ohne vorherige Ank\u00fcndigung zur\u00fcckziehen.<\/li><li>Preise inkl. MwSt. 24%<\/li><\/ul><p>F\u00fcllen Sie den B2B5-Rabattgutschein in lateinischen (nicht griechischen) Buchstaben aus.<\/p>\t\t\t\t\t\t\t\t<\/div>\n\t\t\t\t<\/div>\n\t\t\t\t\t<\/div>\n\t\t<\/div>\n\t\t\t\t\t<\/div>\n\t\t<\/section>\n\t\t\t\t<\/div>\n\t\t","protected":false},"excerpt":{"rendered":"<p>Firmenvermietung \u2026 Finanzielle Angebote &amp; Rabatte B2B-Firmenmietvorteile &#8211; 5% Rabatt Rabattgutschein &#8220;B2B5&#8221; Business to Business 5% F\u00fcr unsere Firmenkunden bieten wir einen zus\u00e4tzlichen Rabatt von 5% auf alle Fahrzeugmodelle f\u00fcr Online-Reservierungen. Tragen Sie im letzten Schritt der Reservierung den Rabattcoupon &#8220;B2B5&#8221; ein und Sie erhalten automatisch einen Rabatt von 5% auf den Betrag Ihrer Reservierung. [&hellip;]<\/p>\n","protected":false},"author":1,"featured_media":0,"parent":0,"menu_order":0,"comment_status":"closed","ping_status":"closed","template":"","meta":{"site-sidebar-layout":"no-sidebar","site-content-layout":"page-builder","ast-site-content-layout":"default","site-content-style":"default","site-sidebar-style":"default","ast-global-header-display":"","ast-banner-title-visibility":"","ast-main-header-display":"","ast-hfb-above-header-display":"","ast-hfb-below-header-display":"","ast-hfb-mobile-header-display":"","site-post-title":"disabled","ast-breadcrumbs-content":"","ast-featured-img":"disabled","footer-sml-layout":"","ast-disable-related-posts":"","theme-transparent-header-meta":"enabled","adv-header-id-meta":"","stick-header-meta":"","header-above-stick-meta":"","header-main-stick-meta":"","header-below-stick-meta":"","astra-migrate-meta-layouts":"default","ast-page-background-enabled":"default","ast-page-background-meta":{"desktop":{"background-color":"","background-image":"","background-repeat":"repeat","background-position":"center center","background-size":"auto","background-attachment":"scroll","background-type":"","background-media":"","overlay-type":"","overlay-color":"","overlay-opacity":"","overlay-gradient":""},"tablet":{"background-color":"","background-image":"","background-repeat":"repeat","background-position":"center center","background-size":"auto","background-attachment":"scroll","background-type":"","background-media":"","overlay-type":"","overlay-color":"","overlay-opacity":"","overlay-gradient":""},"mobile":{"background-color":"","background-image":"","background-repeat":"repeat","background-position":"center center","background-size":"auto","background-attachment":"scroll","background-type":"","background-media":"","overlay-type":"","overlay-color":"","overlay-opacity":"","overlay-gradient":""}},"ast-content-background-meta":{"desktop":{"background-color":"var(--ast-global-color-5)","background-image":"","background-repeat":"repeat","background-position":"center center","background-size":"auto","background-attachment":"scroll","background-type":"","background-media":"","overlay-type":"","overlay-color":"","overlay-opacity":"","overlay-gradient":""},"tablet":{"background-color":"var(--ast-global-color-5)","background-image":"","background-repeat":"repeat","background-position":"center center","background-size":"auto","background-attachment":"scroll","background-type":"","background-media":"","overlay-type":"","overlay-color":"","overlay-opacity":"","overlay-gradient":""},"mobile":{"background-color":"var(--ast-global-color-5)","background-image":"","background-repeat":"repeat","background-position":"center center","background-size":"auto","background-attachment":"scroll","background-type":"","background-media":"","overlay-type":"","overlay-color":"","overlay-opacity":"","overlay-gradient":""}},"footnotes":""},"class_list":["post-5928","page","type-page","status-publish","hentry"],"yoast_head":"<!-- This site is optimized with the Yoast SEO plugin v27.2 - https:\/\/yoast.com\/product\/yoast-seo-wordpress\/ -->\n<title>Firmenvermietung - Rent a Car Athens<\/title>\n<meta name=\"robots\" content=\"index, follow, max-snippet:-1, max-image-preview:large, max-video-preview:-1\" \/>\n<link rel=\"canonical\" href=\"https:\/\/planrentalcar.gr\/de\/firmenvermietung\/\" \/>\n<meta property=\"og:locale\" content=\"de_DE\" \/>\n<meta property=\"og:type\" content=\"article\" \/>\n<meta property=\"og:title\" content=\"Firmenvermietung - Rent a Car Athens\" \/>\n<meta property=\"og:description\" content=\"Firmenvermietung \u2026 Finanzielle Angebote &amp; Rabatte B2B-Firmenmietvorteile &#8211; 5% Rabatt Rabattgutschein &#8220;B2B5&#8221; Business to Business 5% F\u00fcr unsere Firmenkunden bieten wir einen zus\u00e4tzlichen Rabatt von 5% auf alle Fahrzeugmodelle f\u00fcr Online-Reservierungen. Tragen Sie im letzten Schritt der Reservierung den Rabattcoupon &#8220;B2B5&#8221; ein und Sie erhalten automatisch einen Rabatt von 5% auf den Betrag Ihrer Reservierung. [&hellip;]\" \/>\n<meta property=\"og:url\" content=\"https:\/\/planrentalcar.gr\/de\/firmenvermietung\/\" \/>\n<meta property=\"og:site_name\" content=\"Rent a Car Athens\" \/>\n<meta property=\"article:modified_time\" content=\"2021-05-13T17:28:37+00:00\" \/>\n<meta name=\"twitter:card\" content=\"summary_large_image\" \/>\n<meta name=\"twitter:label1\" content=\"Gesch\u00e4tzte Lesezeit\" \/>\n\t<meta name=\"twitter:data1\" content=\"1\u00a0Minute\" \/>\n<script type=\"application\/ld+json\" class=\"yoast-schema-graph\">{\"@context\":\"https:\/\/schema.org\",\"@graph\":[{\"@type\":\"WebPage\",\"@id\":\"https:\/\/planrentalcar.gr\/de\/firmenvermietung\/\",\"url\":\"https:\/\/planrentalcar.gr\/de\/firmenvermietung\/\",\"name\":\"Firmenvermietung - Rent a Car Athens\",\"isPartOf\":{\"@id\":\"https:\/\/planrentalcar.gr\/en\/#website\"},\"datePublished\":\"2021-05-13T17:26:08+00:00\",\"dateModified\":\"2021-05-13T17:28:37+00:00\",\"breadcrumb\":{\"@id\":\"https:\/\/planrentalcar.gr\/de\/firmenvermietung\/#breadcrumb\"},\"inLanguage\":\"de\",\"potentialAction\":[{\"@type\":\"ReadAction\",\"target\":[\"https:\/\/planrentalcar.gr\/de\/firmenvermietung\/\"]}]},{\"@type\":\"BreadcrumbList\",\"@id\":\"https:\/\/planrentalcar.gr\/de\/firmenvermietung\/#breadcrumb\",\"itemListElement\":[{\"@type\":\"ListItem\",\"position\":1,\"name\":\"Home\",\"item\":\"https:\/\/planrentalcar.gr\/\"},{\"@type\":\"ListItem\",\"position\":2,\"name\":\"Firmenvermietung\"}]},{\"@type\":\"WebSite\",\"@id\":\"https:\/\/planrentalcar.gr\/en\/#website\",\"url\":\"https:\/\/planrentalcar.gr\/en\/\",\"name\":\"Rent a Car Athens\",\"description\":\"Plan Rental Car\",\"publisher\":{\"@id\":\"https:\/\/planrentalcar.gr\/en\/#organization\"},\"potentialAction\":[{\"@type\":\"SearchAction\",\"target\":{\"@type\":\"EntryPoint\",\"urlTemplate\":\"https:\/\/planrentalcar.gr\/en\/?s={search_term_string}\"},\"query-input\":{\"@type\":\"PropertyValueSpecification\",\"valueRequired\":true,\"valueName\":\"search_term_string\"}}],\"inLanguage\":\"de\"},{\"@type\":\"Organization\",\"@id\":\"https:\/\/planrentalcar.gr\/en\/#organization\",\"name\":\"Rent a Car Athens\",\"url\":\"https:\/\/planrentalcar.gr\/en\/\",\"logo\":{\"@type\":\"ImageObject\",\"inLanguage\":\"de\",\"@id\":\"https:\/\/planrentalcar.gr\/en\/#\/schema\/logo\/image\/\",\"url\":\"https:\/\/planrentalcar.gr\/wp-content\/uploads\/2021\/01\/logo.png\",\"contentUrl\":\"https:\/\/planrentalcar.gr\/wp-content\/uploads\/2021\/01\/logo.png\",\"width\":500,\"height\":107,\"caption\":\"Rent a Car Athens\"},\"image\":{\"@id\":\"https:\/\/planrentalcar.gr\/en\/#\/schema\/logo\/image\/\"}}]}<\/script>\n<!-- \/ Yoast SEO plugin. -->","yoast_head_json":{"title":"Firmenvermietung - Rent a Car Athens","robots":{"index":"index","follow":"follow","max-snippet":"max-snippet:-1","max-image-preview":"max-image-preview:large","max-video-preview":"max-video-preview:-1"},"canonical":"https:\/\/planrentalcar.gr\/de\/firmenvermietung\/","og_locale":"de_DE","og_type":"article","og_title":"Firmenvermietung - Rent a Car Athens","og_description":"Firmenvermietung \u2026 Finanzielle Angebote &amp; Rabatte B2B-Firmenmietvorteile &#8211; 5% Rabatt Rabattgutschein &#8220;B2B5&#8221; Business to Business 5% F\u00fcr unsere Firmenkunden bieten wir einen zus\u00e4tzlichen Rabatt von 5% auf alle Fahrzeugmodelle f\u00fcr Online-Reservierungen. Tragen Sie im letzten Schritt der Reservierung den Rabattcoupon &#8220;B2B5&#8221; ein und Sie erhalten automatisch einen Rabatt von 5% auf den Betrag Ihrer Reservierung. [&hellip;]","og_url":"https:\/\/planrentalcar.gr\/de\/firmenvermietung\/","og_site_name":"Rent a Car Athens","article_modified_time":"2021-05-13T17:28:37+00:00","twitter_card":"summary_large_image","twitter_misc":{"Gesch\u00e4tzte Lesezeit":"1\u00a0Minute"},"schema":{"@context":"https:\/\/schema.org","@graph":[{"@type":"WebPage","@id":"https:\/\/planrentalcar.gr\/de\/firmenvermietung\/","url":"https:\/\/planrentalcar.gr\/de\/firmenvermietung\/","name":"Firmenvermietung - Rent a Car Athens","isPartOf":{"@id":"https:\/\/planrentalcar.gr\/en\/#website"},"datePublished":"2021-05-13T17:26:08+00:00","dateModified":"2021-05-13T17:28:37+00:00","breadcrumb":{"@id":"https:\/\/planrentalcar.gr\/de\/firmenvermietung\/#breadcrumb"},"inLanguage":"de","potentialAction":[{"@type":"ReadAction","target":["https:\/\/planrentalcar.gr\/de\/firmenvermietung\/"]}]},{"@type":"BreadcrumbList","@id":"https:\/\/planrentalcar.gr\/de\/firmenvermietung\/#breadcrumb","itemListElement":[{"@type":"ListItem","position":1,"name":"Home","item":"https:\/\/planrentalcar.gr\/"},{"@type":"ListItem","position":2,"name":"Firmenvermietung"}]},{"@type":"WebSite","@id":"https:\/\/planrentalcar.gr\/en\/#website","url":"https:\/\/planrentalcar.gr\/en\/","name":"Rent a Car Athens","description":"Plan Rental Car","publisher":{"@id":"https:\/\/planrentalcar.gr\/en\/#organization"},"potentialAction":[{"@type":"SearchAction","target":{"@type":"EntryPoint","urlTemplate":"https:\/\/planrentalcar.gr\/en\/?s={search_term_string}"},"query-input":{"@type":"PropertyValueSpecification","valueRequired":true,"valueName":"search_term_string"}}],"inLanguage":"de"},{"@type":"Organization","@id":"https:\/\/planrentalcar.gr\/en\/#organization","name":"Rent a Car Athens","url":"https:\/\/planrentalcar.gr\/en\/","logo":{"@type":"ImageObject","inLanguage":"de","@id":"https:\/\/planrentalcar.gr\/en\/#\/schema\/logo\/image\/","url":"https:\/\/planrentalcar.gr\/wp-content\/uploads\/2021\/01\/logo.png","contentUrl":"https:\/\/planrentalcar.gr\/wp-content\/uploads\/2021\/01\/logo.png","width":500,"height":107,"caption":"Rent a Car Athens"},"image":{"@id":"https:\/\/planrentalcar.gr\/en\/#\/schema\/logo\/image\/"}}]}},"_links":{"self":[{"href":"https:\/\/planrentalcar.gr\/de\/wp-json\/wp\/v2\/pages\/5928","targetHints":{"allow":["GET"]}}],"collection":[{"href":"https:\/\/planrentalcar.gr\/de\/wp-json\/wp\/v2\/pages"}],"about":[{"href":"https:\/\/planrentalcar.gr\/de\/wp-json\/wp\/v2\/types\/page"}],"author":[{"embeddable":true,"href":"https:\/\/planrentalcar.gr\/de\/wp-json\/wp\/v2\/users\/1"}],"replies":[{"embeddable":true,"href":"https:\/\/planrentalcar.gr\/de\/wp-json\/wp\/v2\/comments?post=5928"}],"version-history":[{"count":10,"href":"https:\/\/planrentalcar.gr\/de\/wp-json\/wp\/v2\/pages\/5928\/revisions"}],"predecessor-version":[{"id":5938,"href":"https:\/\/planrentalcar.gr\/de\/wp-json\/wp\/v2\/pages\/5928\/revisions\/5938"}],"wp:attachment":[{"href":"https:\/\/planrentalcar.gr\/de\/wp-json\/wp\/v2\/media?parent=5928"}],"curies":[{"name":"wp","href":"https:\/\/api.w.org\/{rel}","templated":true}]}}