{"id":4076,"date":"2021-04-22T07:20:08","date_gmt":"2021-04-22T07:20:08","guid":{"rendered":"https:\/\/planrentalcar.gr\/?page_id=4076"},"modified":"2022-10-22T10:35:55","modified_gmt":"2022-10-22T10:35:55","slug":"location-pour-entreprises","status":"publish","type":"page","link":"https:\/\/planrentalcar.gr\/fr\/location-pour-entreprises\/","title":{"rendered":"Location pour entreprises"},"content":{"rendered":"\t\t<div data-elementor-type=\"wp-page\" data-elementor-id=\"4076\" class=\"elementor elementor-4076\" data-elementor-post-type=\"page\">\n\t\t\t\t\t\t<section class=\"elementor-section elementor-top-section elementor-element elementor-element-6ff2ff7 elementor-section-boxed elementor-section-height-default elementor-section-height-default\" data-id=\"6ff2ff7\" data-element_type=\"section\" data-e-type=\"section\" data-settings=\"{&quot;background_background&quot;:&quot;classic&quot;}\">\n\t\t\t\t\t\t\t<div class=\"elementor-background-overlay\"><\/div>\n\t\t\t\t\t\t\t<div class=\"elementor-container elementor-column-gap-no\">\n\t\t\t\t\t<div class=\"elementor-column elementor-col-100 elementor-top-column elementor-element elementor-element-d4acc06\" data-id=\"d4acc06\" data-element_type=\"column\" data-e-type=\"column\">\n\t\t\t<div class=\"elementor-widget-wrap elementor-element-populated\">\n\t\t\t\t\t\t<div class=\"elementor-element elementor-element-cfa3934 elementor-widget elementor-widget-spacer\" data-id=\"cfa3934\" data-element_type=\"widget\" data-e-type=\"widget\" data-widget_type=\"spacer.default\">\n\t\t\t\t<div class=\"elementor-widget-container\">\n\t\t\t\t\t\t\t<div class=\"elementor-spacer\">\n\t\t\t<div class=\"elementor-spacer-inner\"><\/div>\n\t\t<\/div>\n\t\t\t\t\t\t<\/div>\n\t\t\t\t<\/div>\n\t\t\t\t<div class=\"elementor-element elementor-element-bee4950 elementor-widget elementor-widget-heading\" data-id=\"bee4950\" data-element_type=\"widget\" data-e-type=\"widget\" data-widget_type=\"heading.default\">\n\t\t\t\t<div class=\"elementor-widget-container\">\n\t\t\t\t\t<h1 class=\"elementor-heading-title elementor-size-default\">Location pour entreprises<\/h1>\t\t\t\t<\/div>\n\t\t\t\t<\/div>\n\t\t\t\t<div class=\"elementor-element elementor-element-db7027d elementor-widget elementor-widget-text-editor\" data-id=\"db7027d\" data-element_type=\"widget\" data-e-type=\"widget\" data-widget_type=\"text-editor.default\">\n\t\t\t\t<div class=\"elementor-widget-container\">\n\t\t\t\t\t\t\t\t\t<p>\u2026 offres financi\u00e8res et r\u00e9ductions<\/p>\t\t\t\t\t\t\t\t<\/div>\n\t\t\t\t<\/div>\n\t\t\t\t\t<\/div>\n\t\t<\/div>\n\t\t\t\t\t<\/div>\n\t\t<\/section>\n\t\t\t\t<section class=\"elementor-section elementor-top-section elementor-element elementor-element-dbdf9ac elementor-section-content-middle elementor-section-boxed elementor-section-height-default elementor-section-height-default\" data-id=\"dbdf9ac\" data-element_type=\"section\" data-e-type=\"section\">\n\t\t\t\t\t\t<div class=\"elementor-container elementor-column-gap-no\">\n\t\t\t\t\t<div class=\"elementor-column elementor-col-33 elementor-top-column elementor-element elementor-element-885cb99\" data-id=\"885cb99\" data-element_type=\"column\" data-e-type=\"column\" data-settings=\"{&quot;background_background&quot;:&quot;classic&quot;}\">\n\t\t\t<div class=\"elementor-widget-wrap elementor-element-populated\">\n\t\t\t\t\t\t<div class=\"elementor-element elementor-element-6e718ff elementor-widget elementor-widget-spacer\" data-id=\"6e718ff\" data-element_type=\"widget\" data-e-type=\"widget\" data-widget_type=\"spacer.default\">\n\t\t\t\t<div class=\"elementor-widget-container\">\n\t\t\t\t\t\t\t<div class=\"elementor-spacer\">\n\t\t\t<div class=\"elementor-spacer-inner\"><\/div>\n\t\t<\/div>\n\t\t\t\t\t\t<\/div>\n\t\t\t\t<\/div>\n\t\t\t\t<div class=\"elementor-element elementor-element-50ddc50 elementor-widget elementor-widget-heading\" data-id=\"50ddc50\" data-element_type=\"widget\" data-e-type=\"widget\" data-widget_type=\"heading.default\">\n\t\t\t\t<div class=\"elementor-widget-container\">\n\t\t\t\t\t<h2 class=\"elementor-heading-title elementor-size-default\">Avantages de la location d'entreprise B2B - 5% de r\u00e9duction<\/h2>\t\t\t\t<\/div>\n\t\t\t\t<\/div>\n\t\t\t\t<div class=\"elementor-element elementor-element-780521b elementor-widget elementor-widget-spacer\" data-id=\"780521b\" data-element_type=\"widget\" data-e-type=\"widget\" data-widget_type=\"spacer.default\">\n\t\t\t\t<div class=\"elementor-widget-container\">\n\t\t\t\t\t\t\t<div class=\"elementor-spacer\">\n\t\t\t<div class=\"elementor-spacer-inner\"><\/div>\n\t\t<\/div>\n\t\t\t\t\t\t<\/div>\n\t\t\t\t<\/div>\n\t\t\t\t\t<\/div>\n\t\t<\/div>\n\t\t\t\t<div class=\"elementor-column elementor-col-66 elementor-top-column elementor-element elementor-element-105f188\" data-id=\"105f188\" data-element_type=\"column\" data-e-type=\"column\">\n\t\t\t<div class=\"elementor-widget-wrap elementor-element-populated\">\n\t\t\t\t\t\t<div class=\"elementor-element elementor-element-4918b41 elementor-widget elementor-widget-text-editor\" data-id=\"4918b41\" data-element_type=\"widget\" data-e-type=\"widget\" data-widget_type=\"text-editor.default\">\n\t\t\t\t<div class=\"elementor-widget-container\">\n\t\t\t\t\t\t\t\t\t<p><span style=\"color: #031629;\"><strong>Coupon de r\u00e9duction &#8220;B2B5&#8221; Business to Business 5%<\/strong><\/span><\/p><p><span style=\"color: #031629;\">A nos clients entreprises nous offrons une <strong>remise suppl\u00e9mentaire de 5%<\/strong> sur tous les mod\u00e8les de v\u00e9hicules pour les r\u00e9servations en ligne. Remplissez \u00e0 la derni\u00e8re \u00e9tape de la r\u00e9servation le coupon de r\u00e9duction <strong>\u00abB2B5\u00bb<\/strong> et vous recevrez automatiquement une <strong>remise de 5% <\/strong>sur le montant de votre r\u00e9servation.<\/span><\/p><p><span style=\"color: #031629;\"><strong>B\u00e9n\u00e9ficiez d&#8217;une r\u00e9duction suppl\u00e9mentaire de 10% en pr\u00e9payant votre r\u00e9servation<\/strong><\/span><\/p><p><span style=\"color: #031629;\">Choisissez un pr\u00e9paiement de votre r\u00e9servation et b\u00e9n\u00e9ficiez d&#8217;une <strong>remise suppl\u00e9mentaire de 10%<\/strong>, en b\u00e9n\u00e9ficiant d&#8217;une <strong>remise totale de 15%<\/strong> en utilisant le coupon de r\u00e9duction <strong>\u00abB2B5\u00bb.<\/strong><\/span><\/p><p><span style=\"color: #031629;\"><strong>Des conditions g\u00e9n\u00e9rales de r\u00e9duction s&#8217;appliquent<\/strong><\/span><\/p><ul><li><span style=\"color: #031629;\">La r\u00e9duction est valable pour toutes les cat\u00e9gories de v\u00e9hicules et s&#8217;applique au prix de base de la location. Les assurances compl\u00e9mentaires et les produits compl\u00e9mentaires (GPS, si\u00e8ge enfant) ne sont pas inclus dans la r\u00e9duction.<\/span><\/li><li><span style=\"color: #031629;\">La condition n\u00e9cessaire \u00e0 l&#8217;utilisation du coupon de r\u00e9duction B2B5 est l&#8217;\u00e9mission d&#8217;une facture avec TVA corporative.<\/span><\/li><li><span style=\"color: #031629;\">La r\u00e9duction de 10% est valable pour les r\u00e9servations pr\u00e9pay\u00e9es qui seront effectu\u00e9es exclusivement sur www.planrentalcar.gr et n&#8217;est pas valable pour les locations avec paiement \u00e0 l&#8217;agence de location.<\/span><\/li><li><span style=\"color: #031629;\">Le bon de r\u00e9duction est valable pour un nombre illimit\u00e9 de r\u00e9servations.<\/span><\/li><li><span style=\"color: #031629;\">Plan Rental Car peut retirer l&#8217;offre sans pr\u00e9avis.<\/span><\/li><li><span style=\"color: #031629;\">Les prix incluent la TVA 24%<\/span><\/li><\/ul><p><span style=\"color: #031629;\">Remplissez le coupon de r\u00e9duction B2B5 en caract\u00e8res latins.<\/span><\/p>\t\t\t\t\t\t\t\t<\/div>\n\t\t\t\t<\/div>\n\t\t\t\t\t<\/div>\n\t\t<\/div>\n\t\t\t\t\t<\/div>\n\t\t<\/section>\n\t\t\t\t<\/div>\n\t\t","protected":false},"excerpt":{"rendered":"<p>Location pour entreprises \u2026 offres financi\u00e8res et r\u00e9ductions Avantages de la location d&#8217;entreprise B2B &#8211; 5% de r\u00e9duction Coupon de r\u00e9duction &#8220;B2B5&#8221; Business to Business 5% A nos clients entreprises nous offrons une remise suppl\u00e9mentaire de 5% sur tous les mod\u00e8les de v\u00e9hicules pour les r\u00e9servations en ligne. Remplissez \u00e0 la derni\u00e8re \u00e9tape de la [&hellip;]<\/p>\n","protected":false},"author":1,"featured_media":0,"parent":0,"menu_order":0,"comment_status":"closed","ping_status":"closed","template":"","meta":{"site-sidebar-layout":"no-sidebar","site-content-layout":"page-builder","ast-site-content-layout":"default","site-content-style":"default","site-sidebar-style":"default","ast-global-header-display":"","ast-banner-title-visibility":"","ast-main-header-display":"","ast-hfb-above-header-display":"","ast-hfb-below-header-display":"","ast-hfb-mobile-header-display":"","site-post-title":"disabled","ast-breadcrumbs-content":"","ast-featured-img":"disabled","footer-sml-layout":"","ast-disable-related-posts":"","theme-transparent-header-meta":"enabled","adv-header-id-meta":"","stick-header-meta":"","header-above-stick-meta":"","header-main-stick-meta":"","header-below-stick-meta":"","astra-migrate-meta-layouts":"default","ast-page-background-enabled":"default","ast-page-background-meta":{"desktop":{"background-color":"","background-image":"","background-repeat":"repeat","background-position":"center center","background-size":"auto","background-attachment":"scroll","background-type":"","background-media":"","overlay-type":"","overlay-color":"","overlay-opacity":"","overlay-gradient":""},"tablet":{"background-color":"","background-image":"","background-repeat":"repeat","background-position":"center center","background-size":"auto","background-attachment":"scroll","background-type":"","background-media":"","overlay-type":"","overlay-color":"","overlay-opacity":"","overlay-gradient":""},"mobile":{"background-color":"","background-image":"","background-repeat":"repeat","background-position":"center center","background-size":"auto","background-attachment":"scroll","background-type":"","background-media":"","overlay-type":"","overlay-color":"","overlay-opacity":"","overlay-gradient":""}},"ast-content-background-meta":{"desktop":{"background-color":"var(--ast-global-color-5)","background-image":"","background-repeat":"repeat","background-position":"center center","background-size":"auto","background-attachment":"scroll","background-type":"","background-media":"","overlay-type":"","overlay-color":"","overlay-opacity":"","overlay-gradient":""},"tablet":{"background-color":"var(--ast-global-color-5)","background-image":"","background-repeat":"repeat","background-position":"center center","background-size":"auto","background-attachment":"scroll","background-type":"","background-media":"","overlay-type":"","overlay-color":"","overlay-opacity":"","overlay-gradient":""},"mobile":{"background-color":"var(--ast-global-color-5)","background-image":"","background-repeat":"repeat","background-position":"center center","background-size":"auto","background-attachment":"scroll","background-type":"","background-media":"","overlay-type":"","overlay-color":"","overlay-opacity":"","overlay-gradient":""}},"footnotes":""},"class_list":["post-4076","page","type-page","status-publish","hentry"],"yoast_head":"<!-- This site is optimized with the Yoast SEO plugin v27.2 - https:\/\/yoast.com\/product\/yoast-seo-wordpress\/ -->\n<title>Location pour entreprises - Rent a Car Athens<\/title>\n<meta name=\"robots\" content=\"index, follow, max-snippet:-1, max-image-preview:large, max-video-preview:-1\" \/>\n<link rel=\"canonical\" href=\"https:\/\/planrentalcar.gr\/fr\/location-pour-entreprises\/\" \/>\n<meta property=\"og:locale\" content=\"fr_FR\" \/>\n<meta property=\"og:type\" content=\"article\" \/>\n<meta property=\"og:title\" content=\"Location pour entreprises - Rent a Car Athens\" \/>\n<meta property=\"og:description\" content=\"Location pour entreprises \u2026 offres financi\u00e8res et r\u00e9ductions Avantages de la location d&#8217;entreprise B2B &#8211; 5% de r\u00e9duction Coupon de r\u00e9duction &#8220;B2B5&#8221; Business to Business 5% A nos clients entreprises nous offrons une remise suppl\u00e9mentaire de 5% sur tous les mod\u00e8les de v\u00e9hicules pour les r\u00e9servations en ligne. Remplissez \u00e0 la derni\u00e8re \u00e9tape de la [&hellip;]\" \/>\n<meta property=\"og:url\" content=\"https:\/\/planrentalcar.gr\/fr\/location-pour-entreprises\/\" \/>\n<meta property=\"og:site_name\" content=\"Rent a Car Athens\" \/>\n<meta property=\"article:modified_time\" content=\"2022-10-22T10:35:55+00:00\" \/>\n<meta name=\"twitter:card\" content=\"summary_large_image\" \/>\n<meta name=\"twitter:label1\" content=\"Dur\u00e9e de lecture estim\u00e9e\" \/>\n\t<meta name=\"twitter:data1\" content=\"2 minutes\" \/>\n<script type=\"application\/ld+json\" class=\"yoast-schema-graph\">{\"@context\":\"https:\/\/schema.org\",\"@graph\":[{\"@type\":\"WebPage\",\"@id\":\"https:\/\/planrentalcar.gr\/fr\/location-pour-entreprises\/\",\"url\":\"https:\/\/planrentalcar.gr\/fr\/location-pour-entreprises\/\",\"name\":\"Location pour entreprises - Rent a Car Athens\",\"isPartOf\":{\"@id\":\"https:\/\/planrentalcar.gr\/en\/#website\"},\"datePublished\":\"2021-04-22T07:20:08+00:00\",\"dateModified\":\"2022-10-22T10:35:55+00:00\",\"breadcrumb\":{\"@id\":\"https:\/\/planrentalcar.gr\/fr\/location-pour-entreprises\/#breadcrumb\"},\"inLanguage\":\"fr-FR\",\"potentialAction\":[{\"@type\":\"ReadAction\",\"target\":[\"https:\/\/planrentalcar.gr\/fr\/location-pour-entreprises\/\"]}]},{\"@type\":\"BreadcrumbList\",\"@id\":\"https:\/\/planrentalcar.gr\/fr\/location-pour-entreprises\/#breadcrumb\",\"itemListElement\":[{\"@type\":\"ListItem\",\"position\":1,\"name\":\"Home\",\"item\":\"https:\/\/planrentalcar.gr\/\"},{\"@type\":\"ListItem\",\"position\":2,\"name\":\"Location pour entreprises\"}]},{\"@type\":\"WebSite\",\"@id\":\"https:\/\/planrentalcar.gr\/en\/#website\",\"url\":\"https:\/\/planrentalcar.gr\/en\/\",\"name\":\"Rent a Car Athens\",\"description\":\"Plan Rental Car\",\"publisher\":{\"@id\":\"https:\/\/planrentalcar.gr\/en\/#organization\"},\"potentialAction\":[{\"@type\":\"SearchAction\",\"target\":{\"@type\":\"EntryPoint\",\"urlTemplate\":\"https:\/\/planrentalcar.gr\/en\/?s={search_term_string}\"},\"query-input\":{\"@type\":\"PropertyValueSpecification\",\"valueRequired\":true,\"valueName\":\"search_term_string\"}}],\"inLanguage\":\"fr-FR\"},{\"@type\":\"Organization\",\"@id\":\"https:\/\/planrentalcar.gr\/en\/#organization\",\"name\":\"Rent a Car Athens\",\"url\":\"https:\/\/planrentalcar.gr\/en\/\",\"logo\":{\"@type\":\"ImageObject\",\"inLanguage\":\"fr-FR\",\"@id\":\"https:\/\/planrentalcar.gr\/en\/#\/schema\/logo\/image\/\",\"url\":\"https:\/\/planrentalcar.gr\/wp-content\/uploads\/2021\/01\/logo.png\",\"contentUrl\":\"https:\/\/planrentalcar.gr\/wp-content\/uploads\/2021\/01\/logo.png\",\"width\":500,\"height\":107,\"caption\":\"Rent a Car Athens\"},\"image\":{\"@id\":\"https:\/\/planrentalcar.gr\/en\/#\/schema\/logo\/image\/\"}}]}<\/script>\n<!-- \/ Yoast SEO plugin. -->","yoast_head_json":{"title":"Location pour entreprises - Rent a Car Athens","robots":{"index":"index","follow":"follow","max-snippet":"max-snippet:-1","max-image-preview":"max-image-preview:large","max-video-preview":"max-video-preview:-1"},"canonical":"https:\/\/planrentalcar.gr\/fr\/location-pour-entreprises\/","og_locale":"fr_FR","og_type":"article","og_title":"Location pour entreprises - Rent a Car Athens","og_description":"Location pour entreprises \u2026 offres financi\u00e8res et r\u00e9ductions Avantages de la location d&#8217;entreprise B2B &#8211; 5% de r\u00e9duction Coupon de r\u00e9duction &#8220;B2B5&#8221; Business to Business 5% A nos clients entreprises nous offrons une remise suppl\u00e9mentaire de 5% sur tous les mod\u00e8les de v\u00e9hicules pour les r\u00e9servations en ligne. Remplissez \u00e0 la derni\u00e8re \u00e9tape de la [&hellip;]","og_url":"https:\/\/planrentalcar.gr\/fr\/location-pour-entreprises\/","og_site_name":"Rent a Car Athens","article_modified_time":"2022-10-22T10:35:55+00:00","twitter_card":"summary_large_image","twitter_misc":{"Dur\u00e9e de lecture estim\u00e9e":"2 minutes"},"schema":{"@context":"https:\/\/schema.org","@graph":[{"@type":"WebPage","@id":"https:\/\/planrentalcar.gr\/fr\/location-pour-entreprises\/","url":"https:\/\/planrentalcar.gr\/fr\/location-pour-entreprises\/","name":"Location pour entreprises - Rent a Car Athens","isPartOf":{"@id":"https:\/\/planrentalcar.gr\/en\/#website"},"datePublished":"2021-04-22T07:20:08+00:00","dateModified":"2022-10-22T10:35:55+00:00","breadcrumb":{"@id":"https:\/\/planrentalcar.gr\/fr\/location-pour-entreprises\/#breadcrumb"},"inLanguage":"fr-FR","potentialAction":[{"@type":"ReadAction","target":["https:\/\/planrentalcar.gr\/fr\/location-pour-entreprises\/"]}]},{"@type":"BreadcrumbList","@id":"https:\/\/planrentalcar.gr\/fr\/location-pour-entreprises\/#breadcrumb","itemListElement":[{"@type":"ListItem","position":1,"name":"Home","item":"https:\/\/planrentalcar.gr\/"},{"@type":"ListItem","position":2,"name":"Location pour entreprises"}]},{"@type":"WebSite","@id":"https:\/\/planrentalcar.gr\/en\/#website","url":"https:\/\/planrentalcar.gr\/en\/","name":"Rent a Car Athens","description":"Plan Rental Car","publisher":{"@id":"https:\/\/planrentalcar.gr\/en\/#organization"},"potentialAction":[{"@type":"SearchAction","target":{"@type":"EntryPoint","urlTemplate":"https:\/\/planrentalcar.gr\/en\/?s={search_term_string}"},"query-input":{"@type":"PropertyValueSpecification","valueRequired":true,"valueName":"search_term_string"}}],"inLanguage":"fr-FR"},{"@type":"Organization","@id":"https:\/\/planrentalcar.gr\/en\/#organization","name":"Rent a Car Athens","url":"https:\/\/planrentalcar.gr\/en\/","logo":{"@type":"ImageObject","inLanguage":"fr-FR","@id":"https:\/\/planrentalcar.gr\/en\/#\/schema\/logo\/image\/","url":"https:\/\/planrentalcar.gr\/wp-content\/uploads\/2021\/01\/logo.png","contentUrl":"https:\/\/planrentalcar.gr\/wp-content\/uploads\/2021\/01\/logo.png","width":500,"height":107,"caption":"Rent a Car Athens"},"image":{"@id":"https:\/\/planrentalcar.gr\/en\/#\/schema\/logo\/image\/"}}]}},"_links":{"self":[{"href":"https:\/\/planrentalcar.gr\/fr\/wp-json\/wp\/v2\/pages\/4076","targetHints":{"allow":["GET"]}}],"collection":[{"href":"https:\/\/planrentalcar.gr\/fr\/wp-json\/wp\/v2\/pages"}],"about":[{"href":"https:\/\/planrentalcar.gr\/fr\/wp-json\/wp\/v2\/types\/page"}],"author":[{"embeddable":true,"href":"https:\/\/planrentalcar.gr\/fr\/wp-json\/wp\/v2\/users\/1"}],"replies":[{"embeddable":true,"href":"https:\/\/planrentalcar.gr\/fr\/wp-json\/wp\/v2\/comments?post=4076"}],"version-history":[{"count":14,"href":"https:\/\/planrentalcar.gr\/fr\/wp-json\/wp\/v2\/pages\/4076\/revisions"}],"predecessor-version":[{"id":11922,"href":"https:\/\/planrentalcar.gr\/fr\/wp-json\/wp\/v2\/pages\/4076\/revisions\/11922"}],"wp:attachment":[{"href":"https:\/\/planrentalcar.gr\/fr\/wp-json\/wp\/v2\/media?parent=4076"}],"curies":[{"name":"wp","href":"https:\/\/api.w.org\/{rel}","templated":true}]}}